{"id":712,"date":"2024-02-18T18:15:49","date_gmt":"2024-02-18T17:15:49","guid":{"rendered":"https:\/\/aliisfs.cluster030.hosting.ovh.net\/?page_id=712"},"modified":"2024-07-11T19:20:04","modified_gmt":"2024-07-11T17:20:04","slug":"formation-habilitations-electriques-h0be-bs","status":"publish","type":"page","link":"https:\/\/aliis-formation.com\/index.php\/formation-habilitations-electriques-h0be-bs\/","title":{"rendered":"Formation Habilitation \u00e9lectrique H0BE\/BS"},"content":{"rendered":"\t\t<div data-elementor-type=\"wp-page\" data-elementor-id=\"712\" class=\"elementor elementor-712\">\n\t\t\t\t<div class=\"elementor-element elementor-element-dff810e e-flex e-con-boxed e-con e-parent\" data-id=\"dff810e\" data-element_type=\"container\">\n\t\t\t\t\t<div class=\"e-con-inner\">\n\t\t<div class=\"elementor-element elementor-element-2f0d1d6 e-con-full e-flex e-con e-child\" data-id=\"2f0d1d6\" data-element_type=\"container\">\n\t\t\t\t<div class=\"elementor-element elementor-element-7044490 elementor-widget elementor-widget-image\" data-id=\"7044490\" data-element_type=\"widget\" data-widget_type=\"image.default\">\n\t\t\t\t<div class=\"elementor-widget-container\">\n\t\t\t<style>\/*! elementor - v3.22.0 - 26-06-2024 *\/\n.elementor-widget-image{text-align:center}.elementor-widget-image a{display:inline-block}.elementor-widget-image a img[src$=\".svg\"]{width:48px}.elementor-widget-image img{vertical-align:middle;display:inline-block}<\/style>\t\t\t\t\t\t\t\t\t\t<img fetchpriority=\"high\" decoding=\"async\" width=\"2560\" height=\"1704\" src=\"https:\/\/aliis-formation.com\/wp-content\/uploads\/2024\/06\/pexels-pixabay-257736-scaled.jpg\" class=\"attachment-full size-full wp-image-1368\" alt=\"Habilitation \u00e9lectrique\" srcset=\"https:\/\/aliis-formation.com\/wp-content\/uploads\/2024\/06\/pexels-pixabay-257736-scaled.jpg 2560w, https:\/\/aliis-formation.com\/wp-content\/uploads\/2024\/06\/pexels-pixabay-257736-300x200.jpg 300w, https:\/\/aliis-formation.com\/wp-content\/uploads\/2024\/06\/pexels-pixabay-257736-1024x682.jpg 1024w, https:\/\/aliis-formation.com\/wp-content\/uploads\/2024\/06\/pexels-pixabay-257736-768x511.jpg 768w, https:\/\/aliis-formation.com\/wp-content\/uploads\/2024\/06\/pexels-pixabay-257736-1536x1022.jpg 1536w, https:\/\/aliis-formation.com\/wp-content\/uploads\/2024\/06\/pexels-pixabay-257736-2048x1363.jpg 2048w\" sizes=\"(max-width: 2560px) 100vw, 2560px\" \/>\t\t\t\t\t\t\t\t\t\t\t\t\t<\/div>\n\t\t\t\t<\/div>\n\t\t\t\t<\/div>\n\t\t<div class=\"elementor-element elementor-element-018841a e-con-full e-flex e-con e-child\" data-id=\"018841a\" data-element_type=\"container\">\n\t\t\t\t<div class=\"elementor-element elementor-element-8a9418b elementor-widget elementor-widget-heading\" data-id=\"8a9418b\" data-element_type=\"widget\" data-widget_type=\"heading.default\">\n\t\t\t\t<div class=\"elementor-widget-container\">\n\t\t\t<style>\/*! elementor - v3.22.0 - 26-06-2024 *\/\n.elementor-heading-title{padding:0;margin:0;line-height:1}.elementor-widget-heading .elementor-heading-title[class*=elementor-size-]>a{color:inherit;font-size:inherit;line-height:inherit}.elementor-widget-heading .elementor-heading-title.elementor-size-small{font-size:15px}.elementor-widget-heading .elementor-heading-title.elementor-size-medium{font-size:19px}.elementor-widget-heading .elementor-heading-title.elementor-size-large{font-size:29px}.elementor-widget-heading .elementor-heading-title.elementor-size-xl{font-size:39px}.elementor-widget-heading .elementor-heading-title.elementor-size-xxl{font-size:59px}<\/style><h2 class=\"elementor-heading-title elementor-size-default\">Formation H0BE\/BS<\/h2>\t\t<\/div>\n\t\t\t\t<\/div>\n\t\t\t\t<div class=\"elementor-element elementor-element-bd2fd7c elementor-widget elementor-widget-heading\" data-id=\"bd2fd7c\" data-element_type=\"widget\" data-widget_type=\"heading.default\">\n\t\t\t\t<div class=\"elementor-widget-container\">\n\t\t\t<h1 class=\"elementor-heading-title elementor-size-default\">Habilitation \u00e9lectrique<\/h1>\t\t<\/div>\n\t\t\t\t<\/div>\n\t\t\t\t<\/div>\n\t\t\t\t\t<\/div>\n\t\t\t\t<\/div>\n\t\t<div class=\"elementor-element elementor-element-9d154bc e-flex e-con-boxed e-con e-parent\" data-id=\"9d154bc\" data-element_type=\"container\">\n\t\t\t\t\t<div class=\"e-con-inner\">\n\t\t\t\t<div class=\"elementor-element elementor-element-653cf3e elementor-widget elementor-widget-heading\" data-id=\"653cf3e\" data-element_type=\"widget\" data-widget_type=\"heading.default\">\n\t\t\t\t<div class=\"elementor-widget-container\">\n\t\t\t<h2 class=\"elementor-heading-title elementor-size-default\">Qualifier votre personnel non-\u00e9lectricien conform\u00e9ment \u00e0 l'Article R4544-10 du code du travail,  \u00e0 intervenir sur les \u00e9quipements de l'entreprise avec notre formation compl\u00e8te Habilitation \u00c9lectrique H0BE\/BS.\n<br><br>Conform\u00e9ment \u00e0 l'Article R4544-10 du code du travail, l'habilitation H0BE\/BS permettra \u00e0 votre personnel \nd'effectuer les manoeuvres \u00e9l\u00e9mentaires et les manoeuvre de mat\u00e9riel \u00e9l\u00e9ctrique.<\/h2>\t\t<\/div>\n\t\t\t\t<\/div>\n\t\t\t\t<div class=\"elementor-element elementor-element-88df92e elementor-widget elementor-widget-counter\" data-id=\"88df92e\" data-element_type=\"widget\" data-widget_type=\"counter.default\">\n\t\t\t\t<div class=\"elementor-widget-container\">\n\t\t\t<style>\/*! elementor - v3.22.0 - 26-06-2024 *\/\n.elementor-counter{display:flex;justify-content:center;align-items:stretch;flex-direction:column-reverse}.elementor-counter .elementor-counter-number{flex-grow:var(--counter-number-grow,0)}.elementor-counter .elementor-counter-number-wrapper{flex:1;display:flex;font-size:69px;font-weight:600;line-height:1;text-align:center}.elementor-counter .elementor-counter-number-prefix{text-align:end;flex-grow:var(--counter-prefix-grow,1);white-space:pre-wrap}.elementor-counter .elementor-counter-number-suffix{text-align:start;flex-grow:var(--counter-suffix-grow,1);white-space:pre-wrap}.elementor-counter .elementor-counter-title{flex:1;display:flex;justify-content:center;align-items:center;margin:0;padding:0;font-size:19px;font-weight:400;line-height:2.5}<\/style>\t\t<div class=\"elementor-counter\">\n\t\t\t<div class=\"elementor-counter-title\">TAUX DE R\u00c9USSITE (2024)<\/div>\t\t\t<div class=\"elementor-counter-number-wrapper\">\n\t\t\t\t<span class=\"elementor-counter-number-prefix\"><\/span>\n\t\t\t\t<span class=\"elementor-counter-number\" data-duration=\"1000\" data-to-value=\"98\" data-from-value=\"0\" data-delimiter=\",\">0<\/span>\n\t\t\t\t<span class=\"elementor-counter-number-suffix\">%<\/span>\n\t\t\t<\/div>\n\t\t<\/div>\n\t\t\t\t<\/div>\n\t\t\t\t<\/div>\n\t\t\t\t\t<\/div>\n\t\t\t\t<\/div>\n\t\t<div class=\"elementor-element elementor-element-4e99346 e-flex e-con-boxed e-con e-parent\" data-id=\"4e99346\" data-element_type=\"container\">\n\t\t\t\t\t<div class=\"e-con-inner\">\n\t\t<div class=\"elementor-element elementor-element-6bcaeb3 e-con-full e-flex e-con e-child\" data-id=\"6bcaeb3\" data-element_type=\"container\" data-settings=\"{&quot;background_background&quot;:&quot;classic&quot;}\">\n\t\t\t\t<div class=\"elementor-element elementor-element-5925a6f elementor-widget elementor-widget-text-editor\" data-id=\"5925a6f\" data-element_type=\"widget\" data-widget_type=\"text-editor.default\">\n\t\t\t\t<div class=\"elementor-widget-container\">\n\t\t\t<style>\/*! elementor - v3.22.0 - 26-06-2024 *\/\n.elementor-widget-text-editor.elementor-drop-cap-view-stacked .elementor-drop-cap{background-color:#69727d;color:#fff}.elementor-widget-text-editor.elementor-drop-cap-view-framed .elementor-drop-cap{color:#69727d;border:3px solid;background-color:transparent}.elementor-widget-text-editor:not(.elementor-drop-cap-view-default) .elementor-drop-cap{margin-top:8px}.elementor-widget-text-editor:not(.elementor-drop-cap-view-default) .elementor-drop-cap-letter{width:1em;height:1em}.elementor-widget-text-editor .elementor-drop-cap{float:left;text-align:center;line-height:1;font-size:50px}.elementor-widget-text-editor .elementor-drop-cap-letter{display:inline-block}<\/style>\t\t\t\t<p><span style=\"text-decoration: underline;\"><strong>Public concern\u00e9<\/strong><\/span><br>Personnel d&rsquo;exploitation ou d&rsquo;entretien non-\u00e9lectricien appel\u00e9 \u00e0 effectuer des op\u00e9rations simples, des interventions de remplacement de raccordement et\/ou des man\u0153uvres sur des installations \u00e9lectriques.<\/p>\n<p><span style=\"text-decoration: underline;\"><strong>Pr\u00e9-requis<\/strong><\/span><br>Connaissances de base en \u00e9lectricit\u00e9 et bonne ma\u00eetrise de la langue dans laquelle est dispens\u00e9e la formation.<\/p>\n<p><span style=\"text-decoration: underline;\"><strong>Dur\u00e9e<\/strong><\/span><br>14h sur deux journ\u00e9es.<\/p>\n<p><span style=\"text-decoration: underline;\"><strong>Validation<\/strong><\/span><br>&#8211; Exercice de synth\u00e8se\/QCM &amp; correction<br>&#8211; Attestation individuelle de participation avec avis du formateur.<\/p>\n<p><span style=\"text-decoration: underline;\"><strong>Modalit\u00e9s et co\u00fbt de la formation<\/strong><\/span><br>&#8211; Formation non modulable (ne dispense qu&rsquo;un bloc de comp\u00e9tences)<br>&#8211; Formation accessible aux personnes \u00e0 mobilit\u00e9 r\u00e9duite et\/ou autres sp\u00e9cificit\u00e9s.<\/p>\n<p><span style=\"text-decoration: underline;\"><strong>Nos formateurs<\/strong><\/span><br>Formateurs habilit\u00e9s \u00e0 dispenser la formation H0BE\/BS.<\/p>\t\t\t\t\t\t<\/div>\n\t\t\t\t<\/div>\n\t\t\t\t<div class=\"elementor-element elementor-element-5292764 elementor-align-center elementor-invisible elementor-widget elementor-widget-button\" data-id=\"5292764\" data-element_type=\"widget\" data-settings=\"{&quot;_animation&quot;:&quot;fadeIn&quot;,&quot;_animation_delay&quot;:400}\" data-widget_type=\"button.default\">\n\t\t\t\t<div class=\"elementor-widget-container\">\n\t\t\t\t\t<div class=\"elementor-button-wrapper\">\n\t\t\t<a class=\"elementor-button elementor-button-link elementor-size-sm\" href=\"\/index.php\/contact\/\">\n\t\t\t\t\t\t<span class=\"elementor-button-content-wrapper\">\n\t\t\t\t\t\t\t\t\t<span class=\"elementor-button-text\">JE DEMANDE UN DEVIS<\/span>\n\t\t\t\t\t<\/span>\n\t\t\t\t\t<\/a>\n\t\t<\/div>\n\t\t\t\t<\/div>\n\t\t\t\t<\/div>\n\t\t\t\t<\/div>\n\t\t<div class=\"elementor-element elementor-element-6d9728b e-con-full e-flex e-con e-child\" data-id=\"6d9728b\" data-element_type=\"container\">\n\t\t\t\t<div class=\"elementor-element elementor-element-bbcae71 elementor-widget elementor-widget-text-editor\" data-id=\"bbcae71\" data-element_type=\"widget\" data-widget_type=\"text-editor.default\">\n\t\t\t\t<div class=\"elementor-widget-container\">\n\t\t\t\t\t\t\t<h4><strong>OBJECTIFS<\/strong><\/h4><ul><li>Permettre au personnel de conna\u00eetre le contexte r\u00e9glementaire et technique du risque \u00e9lectrique ;<\/li><li>Savoir effectuer en s\u00e9curit\u00e9 des travaux non \u00e9lectriques au voisinage des installations \u00e9lectriques sous tension ;<\/li><li>Intervenir sur des \u00e9quipements de l&rsquo;entreprise en respectant les r\u00e8gles de s\u00e9curit\u00e9 \u00e9lectriques ;<\/li><li>Permettre \u00e0 l\u2019employeur la d\u00e9livrance de l\u2019habilitation correspondante au personnel ainsi form\u00e9.<\/li><\/ul><h4><strong><br \/>CONTENU<\/strong><\/h4><p><span style=\"text-decoration: underline;\">Notions de base sur l\u2019\u00e9lectricit\u00e9<\/span><\/p><ul><li>Les risques \u00e9lectriques, les effets du courant \u00e9lectrique sur le corps humain ;<\/li><li>Protection contre les dangers \u00e9lectriques, la pr\u00e9vention et les mat\u00e9riels de protection ;<\/li><li>Conduite \u00e0 tenir en cas d\u2019incendie d\u2019origine \u00e9lectrique.<\/li><\/ul><p><span style=\"text-decoration: underline;\">Interventions simples BS<\/span><\/p><ul><li>Les limites de l&rsquo;habilitation BS ;<\/li><li>Les informations \u00e0 \u00e9changer ou transmettre au charg\u00e9 d\u2019exploitation \u00e9lectrique ;<\/li><li>Les fonctions des mat\u00e9riels \u00e9lectriques des domaines de BT et TBT ;<\/li><li>Les moyens de protection individuelle et leurs limites d&rsquo;utilisation ;<\/li><li>Les s\u00e9quences de la mise en s\u00e9curit\u00e9 d&rsquo;un circuit ;<\/li><li>Les mesures de pr\u00e9vention \u00e0 observer lors d&rsquo;une intervention BT ;<\/li><li>Conna\u00eetre le contenu des documents applicables dans le cadre des interventions BT ;<\/li><li>La proc\u00e9dure de remplacement.<\/li><\/ul><p><span style=\"text-decoration: underline;\">Man\u0153uvres en basse tension (BE Manoeuvre)<\/span><\/p><ul><li>Reconna\u00eetre les mat\u00e9riels \u00e9lectriques des domaines de tension BT et TBT dans leur environnement ;<\/li><li>Les moyens de protection individuelle et leurs limites d&rsquo;utilisation, les limites de l\u2019habilitation ;<\/li><li>Nommer les informations et documents \u00e0 \u00e9changer ou \u00e0 transmettre au charg\u00e9 d\u2019exploitation \u00e9lectrique ou au charg\u00e9 de consignation.<\/li><\/ul><p><span style=\"text-decoration: underline;\">Pratique<\/span><\/p><ul><li>Etude des \u00e9quipements fr\u00e9quemment rencontr\u00e9s dans votre \u00e9tablissement ;<\/li><li>Cas concrets et analyse des situations.<\/li><\/ul><h4><strong><br \/>M\u00c9THODES &amp; SUPPORTS P\u00c9DAGOGIQUES<\/strong><\/h4><ul><li>Alternance d&rsquo;apports th\u00e9oriques et de pratique ;<\/li><li>Mises en situation contextualis\u00e9es ;<\/li><li>Nos formateurs disposent de leur propre mat\u00e9riel et organes de s\u00e9curit\u00e9 p\u00e9dagogique (PC portable, vid\u00e9o projecteur,\u00a0EPI sp\u00e9cifiques interventions \u00e9lectriques, films, documents ressources\u2026).<\/li><\/ul>\t\t\t\t\t\t<\/div>\n\t\t\t\t<\/div>\n\t\t\t\t<\/div>\n\t\t\t\t\t<\/div>\n\t\t\t\t<\/div>\n\t\t\t\t<\/div>\n\t\t","protected":false},"excerpt":{"rendered":"<p>D\u00e9couvrez notre formation d&rsquo;habilitation \u00e9lectrique H0BE\/BS pour qualifier votre personnel non-\u00e9lectricien \u00e0 intervenir sur les \u00e9quipements de vos locaux<\/p>\n","protected":false},"author":2,"featured_media":0,"parent":0,"menu_order":0,"comment_status":"closed","ping_status":"closed","template":"","meta":{"footnotes":""},"class_list":["post-712","page","type-page","status-publish","hentry"],"yoast_head":"<!-- This site is optimized with the Yoast SEO plugin v23.0 - https:\/\/yoast.com\/wordpress\/plugins\/seo\/ -->\n<title>Formation Habilitation \u00e9lectrique H0BE\/BS<\/title>\n<meta name=\"description\" content=\"D\u00e9couvrez notre formation d&#039;habilitation \u00e9lectrique H0BE\/BS, obligatoire pour intervenir sur les \u00e9quipements de vos locaux d&#039;entreprise\" \/>\n<meta name=\"robots\" content=\"index, follow, max-snippet:-1, max-image-preview:large, max-video-preview:-1\" \/>\n<link rel=\"canonical\" href=\"https:\/\/aliis-formation.com\/index.php\/formation-habilitations-electriques-h0be-bs\/\" \/>\n<meta property=\"og:locale\" content=\"fr_FR\" \/>\n<meta property=\"og:type\" content=\"article\" \/>\n<meta property=\"og:title\" content=\"Formation Habilitation \u00e9lectrique H0BE\/BS\" \/>\n<meta property=\"og:description\" content=\"D\u00e9couvrez notre formation d&#039;habilitation \u00e9lectrique H0BE\/BS, obligatoire pour intervenir sur les \u00e9quipements de vos locaux d&#039;entreprise\" \/>\n<meta property=\"og:url\" content=\"https:\/\/aliis-formation.com\/index.php\/formation-habilitations-electriques-h0be-bs\/\" \/>\n<meta property=\"og:site_name\" content=\"ALiiS formation\" \/>\n<meta property=\"article:modified_time\" content=\"2024-07-11T17:20:04+00:00\" \/>\n<meta property=\"og:image\" content=\"https:\/\/aliis-formation.com\/wp-content\/uploads\/2024\/06\/pexels-pixabay-257736-scaled.jpg\" \/>\n<meta name=\"twitter:card\" content=\"summary_large_image\" \/>\n<meta name=\"twitter:label1\" content=\"Dur\u00e9e de lecture estim\u00e9e\" \/>\n\t<meta name=\"twitter:data1\" content=\"3 minutes\" \/>\n<script type=\"application\/ld+json\" class=\"yoast-schema-graph\">{\"@context\":\"https:\/\/schema.org\",\"@graph\":[{\"@type\":\"WebPage\",\"@id\":\"https:\/\/aliis-formation.com\/index.php\/formation-habilitations-electriques-h0be-bs\/\",\"url\":\"https:\/\/aliis-formation.com\/index.php\/formation-habilitations-electriques-h0be-bs\/\",\"name\":\"Formation Habilitation \u00e9lectrique H0BE\/BS\",\"isPartOf\":{\"@id\":\"https:\/\/aliis-formation.com\/#website\"},\"primaryImageOfPage\":{\"@id\":\"https:\/\/aliis-formation.com\/index.php\/formation-habilitations-electriques-h0be-bs\/#primaryimage\"},\"image\":{\"@id\":\"https:\/\/aliis-formation.com\/index.php\/formation-habilitations-electriques-h0be-bs\/#primaryimage\"},\"thumbnailUrl\":\"https:\/\/aliis-formation.com\/wp-content\/uploads\/2024\/06\/pexels-pixabay-257736-scaled.jpg\",\"datePublished\":\"2024-02-18T17:15:49+00:00\",\"dateModified\":\"2024-07-11T17:20:04+00:00\",\"description\":\"D\u00e9couvrez notre formation d'habilitation \u00e9lectrique H0BE\/BS, obligatoire pour intervenir sur les \u00e9quipements de vos locaux d'entreprise\",\"breadcrumb\":{\"@id\":\"https:\/\/aliis-formation.com\/index.php\/formation-habilitations-electriques-h0be-bs\/#breadcrumb\"},\"inLanguage\":\"fr-FR\",\"potentialAction\":[{\"@type\":\"ReadAction\",\"target\":[\"https:\/\/aliis-formation.com\/index.php\/formation-habilitations-electriques-h0be-bs\/\"]}]},{\"@type\":\"ImageObject\",\"inLanguage\":\"fr-FR\",\"@id\":\"https:\/\/aliis-formation.com\/index.php\/formation-habilitations-electriques-h0be-bs\/#primaryimage\",\"url\":\"https:\/\/aliis-formation.com\/wp-content\/uploads\/2024\/06\/pexels-pixabay-257736-scaled.jpg\",\"contentUrl\":\"https:\/\/aliis-formation.com\/wp-content\/uploads\/2024\/06\/pexels-pixabay-257736-scaled.jpg\",\"width\":2560,\"height\":1704,\"caption\":\"Habilitation \u00e9lectrique\"},{\"@type\":\"BreadcrumbList\",\"@id\":\"https:\/\/aliis-formation.com\/index.php\/formation-habilitations-electriques-h0be-bs\/#breadcrumb\",\"itemListElement\":[{\"@type\":\"ListItem\",\"position\":1,\"name\":\"Accueil\",\"item\":\"https:\/\/aliis-formation.com\/\"},{\"@type\":\"ListItem\",\"position\":2,\"name\":\"Formation Habilitation \u00e9lectrique H0BE\/BS\"}]},{\"@type\":\"WebSite\",\"@id\":\"https:\/\/aliis-formation.com\/#website\",\"url\":\"https:\/\/aliis-formation.com\/\",\"name\":\"ALiiS formation\",\"description\":\"\",\"publisher\":{\"@id\":\"https:\/\/aliis-formation.com\/#organization\"},\"potentialAction\":[{\"@type\":\"SearchAction\",\"target\":{\"@type\":\"EntryPoint\",\"urlTemplate\":\"https:\/\/aliis-formation.com\/?s={search_term_string}\"},\"query-input\":\"required name=search_term_string\"}],\"inLanguage\":\"fr-FR\"},{\"@type\":\"Organization\",\"@id\":\"https:\/\/aliis-formation.com\/#organization\",\"name\":\"ALiiS formation\",\"url\":\"https:\/\/aliis-formation.com\/\",\"logo\":{\"@type\":\"ImageObject\",\"inLanguage\":\"fr-FR\",\"@id\":\"https:\/\/aliis-formation.com\/#\/schema\/logo\/image\/\",\"url\":\"https:\/\/aliis-formation.com\/wp-content\/uploads\/2023\/12\/LOGO-PORTRAIT-COULEUR-FOND-TRANSPARENT.svg\",\"contentUrl\":\"https:\/\/aliis-formation.com\/wp-content\/uploads\/2023\/12\/LOGO-PORTRAIT-COULEUR-FOND-TRANSPARENT.svg\",\"width\":4251,\"height\":1241,\"caption\":\"ALiiS formation\"},\"image\":{\"@id\":\"https:\/\/aliis-formation.com\/#\/schema\/logo\/image\/\"}}]}<\/script>\n<!-- \/ Yoast SEO plugin. -->","yoast_head_json":{"title":"Formation Habilitation \u00e9lectrique H0BE\/BS","description":"D\u00e9couvrez notre formation d'habilitation \u00e9lectrique H0BE\/BS, obligatoire pour intervenir sur les \u00e9quipements de vos locaux d'entreprise","robots":{"index":"index","follow":"follow","max-snippet":"max-snippet:-1","max-image-preview":"max-image-preview:large","max-video-preview":"max-video-preview:-1"},"canonical":"https:\/\/aliis-formation.com\/index.php\/formation-habilitations-electriques-h0be-bs\/","og_locale":"fr_FR","og_type":"article","og_title":"Formation Habilitation \u00e9lectrique H0BE\/BS","og_description":"D\u00e9couvrez notre formation d'habilitation \u00e9lectrique H0BE\/BS, obligatoire pour intervenir sur les \u00e9quipements de vos locaux d'entreprise","og_url":"https:\/\/aliis-formation.com\/index.php\/formation-habilitations-electriques-h0be-bs\/","og_site_name":"ALiiS formation","article_modified_time":"2024-07-11T17:20:04+00:00","og_image":[{"url":"https:\/\/aliis-formation.com\/wp-content\/uploads\/2024\/06\/pexels-pixabay-257736-scaled.jpg"}],"twitter_card":"summary_large_image","twitter_misc":{"Dur\u00e9e de lecture estim\u00e9e":"3 minutes"},"schema":{"@context":"https:\/\/schema.org","@graph":[{"@type":"WebPage","@id":"https:\/\/aliis-formation.com\/index.php\/formation-habilitations-electriques-h0be-bs\/","url":"https:\/\/aliis-formation.com\/index.php\/formation-habilitations-electriques-h0be-bs\/","name":"Formation Habilitation \u00e9lectrique H0BE\/BS","isPartOf":{"@id":"https:\/\/aliis-formation.com\/#website"},"primaryImageOfPage":{"@id":"https:\/\/aliis-formation.com\/index.php\/formation-habilitations-electriques-h0be-bs\/#primaryimage"},"image":{"@id":"https:\/\/aliis-formation.com\/index.php\/formation-habilitations-electriques-h0be-bs\/#primaryimage"},"thumbnailUrl":"https:\/\/aliis-formation.com\/wp-content\/uploads\/2024\/06\/pexels-pixabay-257736-scaled.jpg","datePublished":"2024-02-18T17:15:49+00:00","dateModified":"2024-07-11T17:20:04+00:00","description":"D\u00e9couvrez notre formation d'habilitation \u00e9lectrique H0BE\/BS, obligatoire pour intervenir sur les \u00e9quipements de vos locaux d'entreprise","breadcrumb":{"@id":"https:\/\/aliis-formation.com\/index.php\/formation-habilitations-electriques-h0be-bs\/#breadcrumb"},"inLanguage":"fr-FR","potentialAction":[{"@type":"ReadAction","target":["https:\/\/aliis-formation.com\/index.php\/formation-habilitations-electriques-h0be-bs\/"]}]},{"@type":"ImageObject","inLanguage":"fr-FR","@id":"https:\/\/aliis-formation.com\/index.php\/formation-habilitations-electriques-h0be-bs\/#primaryimage","url":"https:\/\/aliis-formation.com\/wp-content\/uploads\/2024\/06\/pexels-pixabay-257736-scaled.jpg","contentUrl":"https:\/\/aliis-formation.com\/wp-content\/uploads\/2024\/06\/pexels-pixabay-257736-scaled.jpg","width":2560,"height":1704,"caption":"Habilitation \u00e9lectrique"},{"@type":"BreadcrumbList","@id":"https:\/\/aliis-formation.com\/index.php\/formation-habilitations-electriques-h0be-bs\/#breadcrumb","itemListElement":[{"@type":"ListItem","position":1,"name":"Accueil","item":"https:\/\/aliis-formation.com\/"},{"@type":"ListItem","position":2,"name":"Formation Habilitation \u00e9lectrique H0BE\/BS"}]},{"@type":"WebSite","@id":"https:\/\/aliis-formation.com\/#website","url":"https:\/\/aliis-formation.com\/","name":"ALiiS formation","description":"","publisher":{"@id":"https:\/\/aliis-formation.com\/#organization"},"potentialAction":[{"@type":"SearchAction","target":{"@type":"EntryPoint","urlTemplate":"https:\/\/aliis-formation.com\/?s={search_term_string}"},"query-input":"required name=search_term_string"}],"inLanguage":"fr-FR"},{"@type":"Organization","@id":"https:\/\/aliis-formation.com\/#organization","name":"ALiiS formation","url":"https:\/\/aliis-formation.com\/","logo":{"@type":"ImageObject","inLanguage":"fr-FR","@id":"https:\/\/aliis-formation.com\/#\/schema\/logo\/image\/","url":"https:\/\/aliis-formation.com\/wp-content\/uploads\/2023\/12\/LOGO-PORTRAIT-COULEUR-FOND-TRANSPARENT.svg","contentUrl":"https:\/\/aliis-formation.com\/wp-content\/uploads\/2023\/12\/LOGO-PORTRAIT-COULEUR-FOND-TRANSPARENT.svg","width":4251,"height":1241,"caption":"ALiiS formation"},"image":{"@id":"https:\/\/aliis-formation.com\/#\/schema\/logo\/image\/"}}]}},"_links":{"self":[{"href":"https:\/\/aliis-formation.com\/index.php\/wp-json\/wp\/v2\/pages\/712","targetHints":{"allow":["GET"]}}],"collection":[{"href":"https:\/\/aliis-formation.com\/index.php\/wp-json\/wp\/v2\/pages"}],"about":[{"href":"https:\/\/aliis-formation.com\/index.php\/wp-json\/wp\/v2\/types\/page"}],"author":[{"embeddable":true,"href":"https:\/\/aliis-formation.com\/index.php\/wp-json\/wp\/v2\/users\/2"}],"replies":[{"embeddable":true,"href":"https:\/\/aliis-formation.com\/index.php\/wp-json\/wp\/v2\/comments?post=712"}],"version-history":[{"count":75,"href":"https:\/\/aliis-formation.com\/index.php\/wp-json\/wp\/v2\/pages\/712\/revisions"}],"predecessor-version":[{"id":1720,"href":"https:\/\/aliis-formation.com\/index.php\/wp-json\/wp\/v2\/pages\/712\/revisions\/1720"}],"wp:attachment":[{"href":"https:\/\/aliis-formation.com\/index.php\/wp-json\/wp\/v2\/media?parent=712"}],"curies":[{"name":"wp","href":"https:\/\/api.w.org\/{rel}","templated":true}]}}