{"id":696,"date":"2024-02-18T17:51:51","date_gmt":"2024-02-18T16:51:51","guid":{"rendered":"https:\/\/aliisfs.cluster030.hosting.ovh.net\/?page_id=696"},"modified":"2024-07-10T15:27:36","modified_gmt":"2024-07-10T13:27:36","slug":"formation-habilitations-electriques-h0b0","status":"publish","type":"page","link":"https:\/\/aliis-formation.com\/index.php\/formation-habilitations-electriques-h0b0\/","title":{"rendered":"Formation Habilitations \u00e9lectriques H0B0"},"content":{"rendered":"\t\t<div data-elementor-type=\"wp-page\" data-elementor-id=\"696\" class=\"elementor elementor-696\">\n\t\t\t\t<div class=\"elementor-element elementor-element-351c002 e-flex e-con-boxed e-con e-parent\" data-id=\"351c002\" data-element_type=\"container\">\n\t\t\t\t\t<div class=\"e-con-inner\">\n\t\t<div class=\"elementor-element elementor-element-4e18467 e-con-full e-flex e-con e-child\" data-id=\"4e18467\" data-element_type=\"container\">\n\t\t\t\t<div class=\"elementor-element elementor-element-9173890 elementor-widget elementor-widget-image\" data-id=\"9173890\" data-element_type=\"widget\" data-widget_type=\"image.default\">\n\t\t\t\t<div class=\"elementor-widget-container\">\n\t\t\t<style>\/*! elementor - v3.22.0 - 26-06-2024 *\/\n.elementor-widget-image{text-align:center}.elementor-widget-image a{display:inline-block}.elementor-widget-image a img[src$=\".svg\"]{width:48px}.elementor-widget-image img{vertical-align:middle;display:inline-block}<\/style>\t\t\t\t\t\t\t\t\t\t<img fetchpriority=\"high\" decoding=\"async\" width=\"800\" height=\"600\" src=\"https:\/\/aliis-formation.com\/wp-content\/uploads\/2024\/06\/pexels-tima-miroshnichenko-6474343-1024x768.jpg\" class=\"attachment-large size-large wp-image-1611\" alt=\"\" srcset=\"https:\/\/aliis-formation.com\/wp-content\/uploads\/2024\/06\/pexels-tima-miroshnichenko-6474343-1024x768.jpg 1024w, https:\/\/aliis-formation.com\/wp-content\/uploads\/2024\/06\/pexels-tima-miroshnichenko-6474343-300x225.jpg 300w, https:\/\/aliis-formation.com\/wp-content\/uploads\/2024\/06\/pexels-tima-miroshnichenko-6474343-768x576.jpg 768w, https:\/\/aliis-formation.com\/wp-content\/uploads\/2024\/06\/pexels-tima-miroshnichenko-6474343-1536x1152.jpg 1536w, https:\/\/aliis-formation.com\/wp-content\/uploads\/2024\/06\/pexels-tima-miroshnichenko-6474343-2048x1536.jpg 2048w\" sizes=\"(max-width: 800px) 100vw, 800px\" \/>\t\t\t\t\t\t\t\t\t\t\t\t\t<\/div>\n\t\t\t\t<\/div>\n\t\t\t\t<\/div>\n\t\t<div class=\"elementor-element elementor-element-04ac73b e-con-full e-flex e-con e-child\" data-id=\"04ac73b\" data-element_type=\"container\">\n\t\t\t\t<div class=\"elementor-element elementor-element-dba0450 elementor-widget elementor-widget-heading\" data-id=\"dba0450\" data-element_type=\"widget\" data-widget_type=\"heading.default\">\n\t\t\t\t<div class=\"elementor-widget-container\">\n\t\t\t<style>\/*! elementor - v3.22.0 - 26-06-2024 *\/\n.elementor-heading-title{padding:0;margin:0;line-height:1}.elementor-widget-heading .elementor-heading-title[class*=elementor-size-]>a{color:inherit;font-size:inherit;line-height:inherit}.elementor-widget-heading .elementor-heading-title.elementor-size-small{font-size:15px}.elementor-widget-heading .elementor-heading-title.elementor-size-medium{font-size:19px}.elementor-widget-heading .elementor-heading-title.elementor-size-large{font-size:29px}.elementor-widget-heading .elementor-heading-title.elementor-size-xl{font-size:39px}.elementor-widget-heading .elementor-heading-title.elementor-size-xxl{font-size:59px}<\/style><h1 class=\"elementor-heading-title elementor-size-default\">Formation H0B0<\/h1>\t\t<\/div>\n\t\t\t\t<\/div>\n\t\t\t\t<div class=\"elementor-element elementor-element-f83cc4f elementor-widget elementor-widget-heading\" data-id=\"f83cc4f\" data-element_type=\"widget\" data-widget_type=\"heading.default\">\n\t\t\t\t<div class=\"elementor-widget-container\">\n\t\t\t<h2 class=\"elementor-heading-title elementor-size-default\">Habilitation \u00e9lectrique<\/h2>\t\t<\/div>\n\t\t\t\t<\/div>\n\t\t\t\t<\/div>\n\t\t\t\t\t<\/div>\n\t\t\t\t<\/div>\n\t\t<div class=\"elementor-element elementor-element-2959168 e-flex e-con-boxed e-con e-parent\" data-id=\"2959168\" data-element_type=\"container\">\n\t\t\t\t\t<div class=\"e-con-inner\">\n\t\t\t\t<div class=\"elementor-element elementor-element-479511a elementor-widget elementor-widget-heading\" data-id=\"479511a\" data-element_type=\"widget\" data-widget_type=\"heading.default\">\n\t\t\t\t<div class=\"elementor-widget-container\">\n\t\t\t<h2 class=\"elementor-heading-title elementor-size-default\">L'habilitation H0B0 concerne tous les corps de m\u00e9tier : peintre, ma\u00e7on, serrurier, agent de nettoyage ne r\u00e9alisant pas de r\u00e9armement de disjoncteur, pas de remplacement de lampe, fusible, etc. mais uniquement des travaux de peinture, ma\u00e7onnerie\u2026<\/h2>\t\t<\/div>\n\t\t\t\t<\/div>\n\t\t\t\t<div class=\"elementor-element elementor-element-866f17d elementor-widget elementor-widget-counter\" data-id=\"866f17d\" data-element_type=\"widget\" data-widget_type=\"counter.default\">\n\t\t\t\t<div class=\"elementor-widget-container\">\n\t\t\t<style>\/*! elementor - v3.22.0 - 26-06-2024 *\/\n.elementor-counter{display:flex;justify-content:center;align-items:stretch;flex-direction:column-reverse}.elementor-counter .elementor-counter-number{flex-grow:var(--counter-number-grow,0)}.elementor-counter .elementor-counter-number-wrapper{flex:1;display:flex;font-size:69px;font-weight:600;line-height:1;text-align:center}.elementor-counter .elementor-counter-number-prefix{text-align:end;flex-grow:var(--counter-prefix-grow,1);white-space:pre-wrap}.elementor-counter .elementor-counter-number-suffix{text-align:start;flex-grow:var(--counter-suffix-grow,1);white-space:pre-wrap}.elementor-counter .elementor-counter-title{flex:1;display:flex;justify-content:center;align-items:center;margin:0;padding:0;font-size:19px;font-weight:400;line-height:2.5}<\/style>\t\t<div class=\"elementor-counter\">\n\t\t\t<div class=\"elementor-counter-title\">TAUX DE R\u00c9USSITE (2024)<\/div>\t\t\t<div class=\"elementor-counter-number-wrapper\">\n\t\t\t\t<span class=\"elementor-counter-number-prefix\"><\/span>\n\t\t\t\t<span class=\"elementor-counter-number\" data-duration=\"1000\" data-to-value=\"98\" data-from-value=\"0\" data-delimiter=\",\">0<\/span>\n\t\t\t\t<span class=\"elementor-counter-number-suffix\">%<\/span>\n\t\t\t<\/div>\n\t\t<\/div>\n\t\t\t\t<\/div>\n\t\t\t\t<\/div>\n\t\t\t\t\t<\/div>\n\t\t\t\t<\/div>\n\t\t<div class=\"elementor-element elementor-element-7c18273 e-flex e-con-boxed e-con e-parent\" data-id=\"7c18273\" data-element_type=\"container\">\n\t\t\t\t\t<div class=\"e-con-inner\">\n\t\t<div class=\"elementor-element elementor-element-0028fa1 e-con-full e-flex e-con e-child\" data-id=\"0028fa1\" data-element_type=\"container\" data-settings=\"{&quot;background_background&quot;:&quot;classic&quot;}\">\n\t\t\t\t<div class=\"elementor-element elementor-element-fa3bb10 elementor-widget elementor-widget-text-editor\" data-id=\"fa3bb10\" data-element_type=\"widget\" data-widget_type=\"text-editor.default\">\n\t\t\t\t<div class=\"elementor-widget-container\">\n\t\t\t<style>\/*! elementor - v3.22.0 - 26-06-2024 *\/\n.elementor-widget-text-editor.elementor-drop-cap-view-stacked .elementor-drop-cap{background-color:#69727d;color:#fff}.elementor-widget-text-editor.elementor-drop-cap-view-framed .elementor-drop-cap{color:#69727d;border:3px solid;background-color:transparent}.elementor-widget-text-editor:not(.elementor-drop-cap-view-default) .elementor-drop-cap{margin-top:8px}.elementor-widget-text-editor:not(.elementor-drop-cap-view-default) .elementor-drop-cap-letter{width:1em;height:1em}.elementor-widget-text-editor .elementor-drop-cap{float:left;text-align:center;line-height:1;font-size:50px}.elementor-widget-text-editor .elementor-drop-cap-letter{display:inline-block}<\/style>\t\t\t\t<p><span style=\"text-decoration: underline;\"><strong>Public concern\u00e9<\/strong><\/span><br>Personnel non-\u00e9lectricien amen\u00e9 \u00e0 travailler \u00e0 proximit\u00e9 d\u2019installations \u00e9lectriques.<\/p>\n<p><span style=\"text-decoration: underline;\"><strong>Pr\u00e9-requis<\/strong><\/span><br>Aucun<\/p>\n<p><span style=\"text-decoration: underline;\"><strong>Dur\u00e9e<\/strong><\/span><br>Une journ\u00e9e.<\/p>\n<p><span style=\"text-decoration: underline;\"><strong>Validation<\/strong><\/span><br>&#8211; Exercice de synth\u00e8se\/QCM &amp; correction<br>&#8211; Attestation individuelle de participation avec avis&nbsp; du formateur.<\/p>\n<p><span style=\"text-decoration: underline;\"><strong>Modalit\u00e9s et co\u00fbt de la formation<\/strong><\/span><br>&#8211; Formation non modulable (ne dispense qu&rsquo;un bloc de comp\u00e9tences)<br>&#8211; Formation accessible aux personnes \u00e0 mobilit\u00e9 r\u00e9duite et\/ou autres sp\u00e9cificit\u00e9s.<\/p>\n<p><span style=\"text-decoration: underline;\"><strong>Nos formateurs<\/strong><\/span><br>&#8211; Formateurs habilit\u00e9s \u00e0 dispenser la formation H0B0<br>&#8211; Formateurs sp\u00e9cialis\u00e9s et exp\u00e9riment\u00e9s.<\/p>\t\t\t\t\t\t<\/div>\n\t\t\t\t<\/div>\n\t\t\t\t<div class=\"elementor-element elementor-element-ae57b5a elementor-align-center elementor-invisible elementor-widget elementor-widget-button\" data-id=\"ae57b5a\" data-element_type=\"widget\" data-settings=\"{&quot;_animation&quot;:&quot;fadeIn&quot;,&quot;_animation_delay&quot;:400}\" data-widget_type=\"button.default\">\n\t\t\t\t<div class=\"elementor-widget-container\">\n\t\t\t\t\t<div class=\"elementor-button-wrapper\">\n\t\t\t<a class=\"elementor-button elementor-button-link elementor-size-sm\" href=\"\/index.php\/contact\/\">\n\t\t\t\t\t\t<span class=\"elementor-button-content-wrapper\">\n\t\t\t\t\t\t\t\t\t<span class=\"elementor-button-text\">JE DEMANDE UN DEVIS<\/span>\n\t\t\t\t\t<\/span>\n\t\t\t\t\t<\/a>\n\t\t<\/div>\n\t\t\t\t<\/div>\n\t\t\t\t<\/div>\n\t\t\t\t<\/div>\n\t\t<div class=\"elementor-element elementor-element-8b4168e e-con-full e-flex e-con e-child\" data-id=\"8b4168e\" data-element_type=\"container\">\n\t\t\t\t<div class=\"elementor-element elementor-element-1cdc5cd elementor-widget elementor-widget-text-editor\" data-id=\"1cdc5cd\" data-element_type=\"widget\" data-widget_type=\"text-editor.default\">\n\t\t\t\t<div class=\"elementor-widget-container\">\n\t\t\t\t\t\t\t<h4><strong>OBJECTIFS<\/strong><\/h4><ul><li>Permettre au personnel de conna\u00eetre le contexte r\u00e9glementaire et technique du risque \u00e9lectrique ;<\/li><li>Savoir effectuer en s\u00e9curit\u00e9 des travaux non \u00e9lectriques au voisinage des installations \u00e9lectriques sous tension ;<\/li><li>Permettre \u00e0 l\u2019employeur la d\u00e9livrance de l\u2019habilitation correspondante au personnel ainsi form\u00e9.<\/li><\/ul><h4><strong><br \/>CONTENU<\/strong><\/h4><p>Le programme respecte les prescriptions de s\u00e9curit\u00e9 NFC 18\u00a0510.<\/p><p><span style=\"text-decoration: underline;\">Notions de base sur l\u2019\u00e9lectricit\u00e9<\/span><\/p><ul><li>Les risques \u00e9lectriques ;<\/li><li>Les effets du courant \u00e9lectrique sur le corps humain ;<\/li><li>Protection contre les dangers \u00e9lectriques ;<\/li><li>Les mat\u00e9riels de protection ;<\/li><li>La pr\u00e9vention ;<\/li><li>Conduite \u00e0 tenir devant un \u00e9lectris\u00e9 ;<\/li><li>Conduite \u00e0 tenir en cas d\u2019incendie d\u2019origine \u00e9lectrique.<\/li><\/ul><p><span style=\"text-decoration: underline;\">Pr\u00e9paration \u00e0 l\u2019habilitation<\/span><\/p><ul><li>Les textes r\u00e9glementaires et Les nouvelles normes en vigueur ;<\/li><li>La norme UTE C18-510 ;<\/li><li>D\u00e9finition des installations de basse et \/ou haute tension ;<\/li><li>Les distances limites de voisinage (D.L.V.) ;<\/li><li>Les distances minimales d\u2019approche (D.M.A.) ;<\/li><li>Les zones d\u2019environnement.<\/li><\/ul><p><span style=\"text-decoration: underline;\">Pratique<\/span><\/p><ul><li>Mises en situation d\u2019\u00e9tude de pr\u00e9vention sur site ;<\/li><li>Cas concrets et analyse des situations.<\/li><\/ul><h4><strong><br \/>M\u00c9THODES &amp; SUPPORTS P\u00c9DAGOGIQUES<\/strong><\/h4><ul><li>Alternance d&rsquo;apports th\u00e9oriques et de pratique ;<\/li><li>Mises en situation contextualis\u00e9es ;<\/li><li>Nos formateurs disposent de leur propre mat\u00e9riel et organes de s\u00e9curit\u00e9 p\u00e9dagogique (PC portable, vid\u00e9o projecteur,\u00a0EPI sp\u00e9cifiques interventions \u00e9lectriques, films, documents ressources\u2026).<\/li><\/ul>\t\t\t\t\t\t<\/div>\n\t\t\t\t<\/div>\n\t\t\t\t<\/div>\n\t\t\t\t\t<\/div>\n\t\t\t\t<\/div>\n\t\t\t\t<\/div>\n\t\t","protected":false},"excerpt":{"rendered":"<p>Tout savoir sur la formation H0B0 pour l&rsquo;habilitation \u00e9lectrique du personnel non-\u00e9lectricien<\/p>\n","protected":false},"author":2,"featured_media":0,"parent":0,"menu_order":0,"comment_status":"closed","ping_status":"closed","template":"","meta":{"footnotes":""},"class_list":["post-696","page","type-page","status-publish","hentry"],"yoast_head":"<!-- This site is optimized with the Yoast SEO plugin v23.0 - https:\/\/yoast.com\/wordpress\/plugins\/seo\/ -->\n<title>Formation Habilitations \u00e9lectriques H0B0 - ALiiS formation<\/title>\n<meta name=\"robots\" content=\"index, follow, max-snippet:-1, max-image-preview:large, max-video-preview:-1\" \/>\n<link rel=\"canonical\" href=\"https:\/\/aliis-formation.com\/index.php\/formation-habilitations-electriques-h0b0\/\" \/>\n<meta property=\"og:locale\" content=\"fr_FR\" \/>\n<meta property=\"og:type\" content=\"article\" \/>\n<meta property=\"og:title\" content=\"Formation Habilitations \u00e9lectriques H0B0 - ALiiS formation\" \/>\n<meta property=\"og:description\" content=\"Tout savoir sur la formation H0B0 pour l&#039;habilitation \u00e9lectrique du personnel non-\u00e9lectricien\" \/>\n<meta property=\"og:url\" content=\"https:\/\/aliis-formation.com\/index.php\/formation-habilitations-electriques-h0b0\/\" \/>\n<meta property=\"og:site_name\" content=\"ALiiS formation\" \/>\n<meta property=\"article:modified_time\" content=\"2024-07-10T13:27:36+00:00\" \/>\n<meta property=\"og:image\" content=\"https:\/\/aliis-formation.com\/wp-content\/uploads\/2024\/06\/pexels-tima-miroshnichenko-6474343-1024x768.jpg\" \/>\n<meta name=\"twitter:card\" content=\"summary_large_image\" \/>\n<meta name=\"twitter:label1\" content=\"Dur\u00e9e de lecture estim\u00e9e\" \/>\n\t<meta name=\"twitter:data1\" content=\"2 minutes\" \/>\n<script type=\"application\/ld+json\" class=\"yoast-schema-graph\">{\"@context\":\"https:\/\/schema.org\",\"@graph\":[{\"@type\":\"WebPage\",\"@id\":\"https:\/\/aliis-formation.com\/index.php\/formation-habilitations-electriques-h0b0\/\",\"url\":\"https:\/\/aliis-formation.com\/index.php\/formation-habilitations-electriques-h0b0\/\",\"name\":\"Formation Habilitations \u00e9lectriques H0B0 - ALiiS formation\",\"isPartOf\":{\"@id\":\"https:\/\/aliis-formation.com\/#website\"},\"primaryImageOfPage\":{\"@id\":\"https:\/\/aliis-formation.com\/index.php\/formation-habilitations-electriques-h0b0\/#primaryimage\"},\"image\":{\"@id\":\"https:\/\/aliis-formation.com\/index.php\/formation-habilitations-electriques-h0b0\/#primaryimage\"},\"thumbnailUrl\":\"https:\/\/aliis-formation.com\/wp-content\/uploads\/2024\/06\/pexels-tima-miroshnichenko-6474343-1024x768.jpg\",\"datePublished\":\"2024-02-18T16:51:51+00:00\",\"dateModified\":\"2024-07-10T13:27:36+00:00\",\"breadcrumb\":{\"@id\":\"https:\/\/aliis-formation.com\/index.php\/formation-habilitations-electriques-h0b0\/#breadcrumb\"},\"inLanguage\":\"fr-FR\",\"potentialAction\":[{\"@type\":\"ReadAction\",\"target\":[\"https:\/\/aliis-formation.com\/index.php\/formation-habilitations-electriques-h0b0\/\"]}]},{\"@type\":\"ImageObject\",\"inLanguage\":\"fr-FR\",\"@id\":\"https:\/\/aliis-formation.com\/index.php\/formation-habilitations-electriques-h0b0\/#primaryimage\",\"url\":\"https:\/\/aliis-formation.com\/wp-content\/uploads\/2024\/06\/pexels-tima-miroshnichenko-6474343-scaled.jpg\",\"contentUrl\":\"https:\/\/aliis-formation.com\/wp-content\/uploads\/2024\/06\/pexels-tima-miroshnichenko-6474343-scaled.jpg\",\"width\":2560,\"height\":1920},{\"@type\":\"BreadcrumbList\",\"@id\":\"https:\/\/aliis-formation.com\/index.php\/formation-habilitations-electriques-h0b0\/#breadcrumb\",\"itemListElement\":[{\"@type\":\"ListItem\",\"position\":1,\"name\":\"Accueil\",\"item\":\"https:\/\/aliis-formation.com\/\"},{\"@type\":\"ListItem\",\"position\":2,\"name\":\"Formation Habilitations \u00e9lectriques H0B0\"}]},{\"@type\":\"WebSite\",\"@id\":\"https:\/\/aliis-formation.com\/#website\",\"url\":\"https:\/\/aliis-formation.com\/\",\"name\":\"ALiiS formation\",\"description\":\"\",\"publisher\":{\"@id\":\"https:\/\/aliis-formation.com\/#organization\"},\"potentialAction\":[{\"@type\":\"SearchAction\",\"target\":{\"@type\":\"EntryPoint\",\"urlTemplate\":\"https:\/\/aliis-formation.com\/?s={search_term_string}\"},\"query-input\":\"required name=search_term_string\"}],\"inLanguage\":\"fr-FR\"},{\"@type\":\"Organization\",\"@id\":\"https:\/\/aliis-formation.com\/#organization\",\"name\":\"ALiiS formation\",\"url\":\"https:\/\/aliis-formation.com\/\",\"logo\":{\"@type\":\"ImageObject\",\"inLanguage\":\"fr-FR\",\"@id\":\"https:\/\/aliis-formation.com\/#\/schema\/logo\/image\/\",\"url\":\"https:\/\/aliis-formation.com\/wp-content\/uploads\/2023\/12\/LOGO-PORTRAIT-COULEUR-FOND-TRANSPARENT.svg\",\"contentUrl\":\"https:\/\/aliis-formation.com\/wp-content\/uploads\/2023\/12\/LOGO-PORTRAIT-COULEUR-FOND-TRANSPARENT.svg\",\"width\":4251,\"height\":1241,\"caption\":\"ALiiS formation\"},\"image\":{\"@id\":\"https:\/\/aliis-formation.com\/#\/schema\/logo\/image\/\"}}]}<\/script>\n<!-- \/ Yoast SEO plugin. -->","yoast_head_json":{"title":"Formation Habilitations \u00e9lectriques H0B0 - ALiiS formation","robots":{"index":"index","follow":"follow","max-snippet":"max-snippet:-1","max-image-preview":"max-image-preview:large","max-video-preview":"max-video-preview:-1"},"canonical":"https:\/\/aliis-formation.com\/index.php\/formation-habilitations-electriques-h0b0\/","og_locale":"fr_FR","og_type":"article","og_title":"Formation Habilitations \u00e9lectriques H0B0 - ALiiS formation","og_description":"Tout savoir sur la formation H0B0 pour l'habilitation \u00e9lectrique du personnel non-\u00e9lectricien","og_url":"https:\/\/aliis-formation.com\/index.php\/formation-habilitations-electriques-h0b0\/","og_site_name":"ALiiS formation","article_modified_time":"2024-07-10T13:27:36+00:00","og_image":[{"url":"https:\/\/aliis-formation.com\/wp-content\/uploads\/2024\/06\/pexels-tima-miroshnichenko-6474343-1024x768.jpg"}],"twitter_card":"summary_large_image","twitter_misc":{"Dur\u00e9e de lecture estim\u00e9e":"2 minutes"},"schema":{"@context":"https:\/\/schema.org","@graph":[{"@type":"WebPage","@id":"https:\/\/aliis-formation.com\/index.php\/formation-habilitations-electriques-h0b0\/","url":"https:\/\/aliis-formation.com\/index.php\/formation-habilitations-electriques-h0b0\/","name":"Formation Habilitations \u00e9lectriques H0B0 - ALiiS formation","isPartOf":{"@id":"https:\/\/aliis-formation.com\/#website"},"primaryImageOfPage":{"@id":"https:\/\/aliis-formation.com\/index.php\/formation-habilitations-electriques-h0b0\/#primaryimage"},"image":{"@id":"https:\/\/aliis-formation.com\/index.php\/formation-habilitations-electriques-h0b0\/#primaryimage"},"thumbnailUrl":"https:\/\/aliis-formation.com\/wp-content\/uploads\/2024\/06\/pexels-tima-miroshnichenko-6474343-1024x768.jpg","datePublished":"2024-02-18T16:51:51+00:00","dateModified":"2024-07-10T13:27:36+00:00","breadcrumb":{"@id":"https:\/\/aliis-formation.com\/index.php\/formation-habilitations-electriques-h0b0\/#breadcrumb"},"inLanguage":"fr-FR","potentialAction":[{"@type":"ReadAction","target":["https:\/\/aliis-formation.com\/index.php\/formation-habilitations-electriques-h0b0\/"]}]},{"@type":"ImageObject","inLanguage":"fr-FR","@id":"https:\/\/aliis-formation.com\/index.php\/formation-habilitations-electriques-h0b0\/#primaryimage","url":"https:\/\/aliis-formation.com\/wp-content\/uploads\/2024\/06\/pexels-tima-miroshnichenko-6474343-scaled.jpg","contentUrl":"https:\/\/aliis-formation.com\/wp-content\/uploads\/2024\/06\/pexels-tima-miroshnichenko-6474343-scaled.jpg","width":2560,"height":1920},{"@type":"BreadcrumbList","@id":"https:\/\/aliis-formation.com\/index.php\/formation-habilitations-electriques-h0b0\/#breadcrumb","itemListElement":[{"@type":"ListItem","position":1,"name":"Accueil","item":"https:\/\/aliis-formation.com\/"},{"@type":"ListItem","position":2,"name":"Formation Habilitations \u00e9lectriques H0B0"}]},{"@type":"WebSite","@id":"https:\/\/aliis-formation.com\/#website","url":"https:\/\/aliis-formation.com\/","name":"ALiiS formation","description":"","publisher":{"@id":"https:\/\/aliis-formation.com\/#organization"},"potentialAction":[{"@type":"SearchAction","target":{"@type":"EntryPoint","urlTemplate":"https:\/\/aliis-formation.com\/?s={search_term_string}"},"query-input":"required name=search_term_string"}],"inLanguage":"fr-FR"},{"@type":"Organization","@id":"https:\/\/aliis-formation.com\/#organization","name":"ALiiS formation","url":"https:\/\/aliis-formation.com\/","logo":{"@type":"ImageObject","inLanguage":"fr-FR","@id":"https:\/\/aliis-formation.com\/#\/schema\/logo\/image\/","url":"https:\/\/aliis-formation.com\/wp-content\/uploads\/2023\/12\/LOGO-PORTRAIT-COULEUR-FOND-TRANSPARENT.svg","contentUrl":"https:\/\/aliis-formation.com\/wp-content\/uploads\/2023\/12\/LOGO-PORTRAIT-COULEUR-FOND-TRANSPARENT.svg","width":4251,"height":1241,"caption":"ALiiS formation"},"image":{"@id":"https:\/\/aliis-formation.com\/#\/schema\/logo\/image\/"}}]}},"_links":{"self":[{"href":"https:\/\/aliis-formation.com\/index.php\/wp-json\/wp\/v2\/pages\/696","targetHints":{"allow":["GET"]}}],"collection":[{"href":"https:\/\/aliis-formation.com\/index.php\/wp-json\/wp\/v2\/pages"}],"about":[{"href":"https:\/\/aliis-formation.com\/index.php\/wp-json\/wp\/v2\/types\/page"}],"author":[{"embeddable":true,"href":"https:\/\/aliis-formation.com\/index.php\/wp-json\/wp\/v2\/users\/2"}],"replies":[{"embeddable":true,"href":"https:\/\/aliis-formation.com\/index.php\/wp-json\/wp\/v2\/comments?post=696"}],"version-history":[{"count":66,"href":"https:\/\/aliis-formation.com\/index.php\/wp-json\/wp\/v2\/pages\/696\/revisions"}],"predecessor-version":[{"id":1670,"href":"https:\/\/aliis-formation.com\/index.php\/wp-json\/wp\/v2\/pages\/696\/revisions\/1670"}],"wp:attachment":[{"href":"https:\/\/aliis-formation.com\/index.php\/wp-json\/wp\/v2\/media?parent=696"}],"curies":[{"name":"wp","href":"https:\/\/api.w.org\/{rel}","templated":true}]}}