{"id":652,"date":"2024-02-18T17:23:16","date_gmt":"2024-02-18T16:23:16","guid":{"rendered":"https:\/\/aliisfs.cluster030.hosting.ovh.net\/?page_id=652"},"modified":"2024-07-10T15:32:14","modified_gmt":"2024-07-10T13:32:14","slug":"formation-incendie-manipulation-extincteurs","status":"publish","type":"page","link":"https:\/\/aliis-formation.com\/index.php\/formation-incendie-manipulation-extincteurs\/","title":{"rendered":"Formation Incendie Manipulation des Extincteurs"},"content":{"rendered":"\t\t<div data-elementor-type=\"wp-page\" data-elementor-id=\"652\" class=\"elementor elementor-652\">\n\t\t\t\t<div class=\"elementor-element elementor-element-4b17591 e-flex e-con-boxed e-con e-parent\" data-id=\"4b17591\" data-element_type=\"container\">\n\t\t\t\t\t<div class=\"e-con-inner\">\n\t\t<div class=\"elementor-element elementor-element-e1eeb9a e-con-full e-flex e-con e-child\" data-id=\"e1eeb9a\" data-element_type=\"container\">\n\t\t\t\t<div class=\"elementor-element elementor-element-6533c50 elementor-widget elementor-widget-image\" data-id=\"6533c50\" data-element_type=\"widget\" data-widget_type=\"image.default\">\n\t\t\t\t<div class=\"elementor-widget-container\">\n\t\t\t<style>\/*! elementor - v3.22.0 - 26-06-2024 *\/\n.elementor-widget-image{text-align:center}.elementor-widget-image a{display:inline-block}.elementor-widget-image a img[src$=\".svg\"]{width:48px}.elementor-widget-image img{vertical-align:middle;display:inline-block}<\/style>\t\t\t\t\t\t\t\t\t\t<img fetchpriority=\"high\" decoding=\"async\" width=\"800\" height=\"534\" src=\"https:\/\/aliis-formation.com\/wp-content\/uploads\/2024\/03\/iStock-1458082798-1024x684.jpg\" class=\"attachment-large size-large wp-image-886\" alt=\"\" srcset=\"https:\/\/aliis-formation.com\/wp-content\/uploads\/2024\/03\/iStock-1458082798-1024x684.jpg 1024w, https:\/\/aliis-formation.com\/wp-content\/uploads\/2024\/03\/iStock-1458082798-300x200.jpg 300w, https:\/\/aliis-formation.com\/wp-content\/uploads\/2024\/03\/iStock-1458082798-768x513.jpg 768w, https:\/\/aliis-formation.com\/wp-content\/uploads\/2024\/03\/iStock-1458082798-1536x1026.jpg 1536w, https:\/\/aliis-formation.com\/wp-content\/uploads\/2024\/03\/iStock-1458082798-2048x1368.jpg 2048w\" sizes=\"(max-width: 800px) 100vw, 800px\" \/>\t\t\t\t\t\t\t\t\t\t\t\t\t<\/div>\n\t\t\t\t<\/div>\n\t\t\t\t<\/div>\n\t\t<div class=\"elementor-element elementor-element-f8858ea e-con-full e-flex e-con e-child\" data-id=\"f8858ea\" data-element_type=\"container\">\n\t\t\t\t<div class=\"elementor-element elementor-element-442a1fa elementor-widget elementor-widget-heading\" data-id=\"442a1fa\" data-element_type=\"widget\" data-widget_type=\"heading.default\">\n\t\t\t\t<div class=\"elementor-widget-container\">\n\t\t\t<style>\/*! elementor - v3.22.0 - 26-06-2024 *\/\n.elementor-heading-title{padding:0;margin:0;line-height:1}.elementor-widget-heading .elementor-heading-title[class*=elementor-size-]>a{color:inherit;font-size:inherit;line-height:inherit}.elementor-widget-heading .elementor-heading-title.elementor-size-small{font-size:15px}.elementor-widget-heading .elementor-heading-title.elementor-size-medium{font-size:19px}.elementor-widget-heading .elementor-heading-title.elementor-size-large{font-size:29px}.elementor-widget-heading .elementor-heading-title.elementor-size-xl{font-size:39px}.elementor-widget-heading .elementor-heading-title.elementor-size-xxl{font-size:59px}<\/style><h1 class=\"elementor-heading-title elementor-size-default\">Formation Manipulation<br>des extincteurs<\/h1>\t\t<\/div>\n\t\t\t\t<\/div>\n\t\t\t\t<div class=\"elementor-element elementor-element-abbe3a9 elementor-widget elementor-widget-heading\" data-id=\"abbe3a9\" data-element_type=\"widget\" data-widget_type=\"heading.default\">\n\t\t\t\t<div class=\"elementor-widget-container\">\n\t\t\t<h2 class=\"elementor-heading-title elementor-size-default\">Incendie<\/h2>\t\t<\/div>\n\t\t\t\t<\/div>\n\t\t\t\t<\/div>\n\t\t\t\t\t<\/div>\n\t\t\t\t<\/div>\n\t\t<div class=\"elementor-element elementor-element-09e9732 e-flex e-con-boxed e-con e-parent\" data-id=\"09e9732\" data-element_type=\"container\">\n\t\t\t\t\t<div class=\"e-con-inner\">\n\t\t\t\t<div class=\"elementor-element elementor-element-7471d73 elementor-widget elementor-widget-heading\" data-id=\"7471d73\" data-element_type=\"widget\" data-widget_type=\"heading.default\">\n\t\t\t\t<div class=\"elementor-widget-container\">\n\t\t\t<h2 class=\"elementor-heading-title elementor-size-default\">La s\u00e9curit\u00e9 incendie est bien souvent sous-estim\u00e9e dans l\u2019environnement de l\u2019entreprise. Pourtant, ce risque peut causer des blessures, nombre de d\u00e9g\u00e2ts physiques et mat\u00e9riels mais aussi de tr\u00e8s lourdes pertes financi\u00e8res pour l\u2019entreprise.\n<br><br>Heureusement, des gestes simples permettent de fortement limiter les risques d'incendie.\n \n<br><br>La formation manipulation des extincteurs d\u2019ALiiS  vise \u00e0 former les professionnels de tous horizons au maniement des appareils d\u2019extinctions des d\u00e9buts de feux. Gr\u00e2ce aux comp\u00e9tences cl\u00e9s d\u00e9velopp\u00e9es via cette formation, le personnel reconna\u00eet les signes d\u2019un danger d\u2019incendie, appelle les secours, r\u00e9pond \u00e0 un d\u00e9part de flammes et tente d\u2019enrayer la progression de l\u2019incendie avec rapidit\u00e9 et efficacit\u00e9.\n<br><br>Le personnel form\u00e9 devient un \u00e9l\u00e9ment performant dans la lutte passive et active contre l\u2019incendie et prot\u00e8ge les int\u00e9r\u00eats de l\u2019entreprise. Vos salari\u00e9s sont ainsi les acteurs de votre d\u00e9marche de pr\u00e9vention.<\/h2>\t\t<\/div>\n\t\t\t\t<\/div>\n\t\t\t\t<div class=\"elementor-element elementor-element-f1a12e4 elementor-widget elementor-widget-counter\" data-id=\"f1a12e4\" data-element_type=\"widget\" data-widget_type=\"counter.default\">\n\t\t\t\t<div class=\"elementor-widget-container\">\n\t\t\t<style>\/*! elementor - v3.22.0 - 26-06-2024 *\/\n.elementor-counter{display:flex;justify-content:center;align-items:stretch;flex-direction:column-reverse}.elementor-counter .elementor-counter-number{flex-grow:var(--counter-number-grow,0)}.elementor-counter .elementor-counter-number-wrapper{flex:1;display:flex;font-size:69px;font-weight:600;line-height:1;text-align:center}.elementor-counter .elementor-counter-number-prefix{text-align:end;flex-grow:var(--counter-prefix-grow,1);white-space:pre-wrap}.elementor-counter .elementor-counter-number-suffix{text-align:start;flex-grow:var(--counter-suffix-grow,1);white-space:pre-wrap}.elementor-counter .elementor-counter-title{flex:1;display:flex;justify-content:center;align-items:center;margin:0;padding:0;font-size:19px;font-weight:400;line-height:2.5}<\/style>\t\t<div class=\"elementor-counter\">\n\t\t\t<div class=\"elementor-counter-title\">TAUX DE SATISFACTION DES PARTICIPANTS (2024)<\/div>\t\t\t<div class=\"elementor-counter-number-wrapper\">\n\t\t\t\t<span class=\"elementor-counter-number-prefix\"><\/span>\n\t\t\t\t<span class=\"elementor-counter-number\" data-duration=\"1000\" data-to-value=\"96\" data-from-value=\"0\" data-delimiter=\",\">0<\/span>\n\t\t\t\t<span class=\"elementor-counter-number-suffix\">%<\/span>\n\t\t\t<\/div>\n\t\t<\/div>\n\t\t\t\t<\/div>\n\t\t\t\t<\/div>\n\t\t\t\t\t<\/div>\n\t\t\t\t<\/div>\n\t\t<div class=\"elementor-element elementor-element-e2eed19 e-flex e-con-boxed e-con e-parent\" data-id=\"e2eed19\" data-element_type=\"container\">\n\t\t\t\t\t<div class=\"e-con-inner\">\n\t\t<div class=\"elementor-element elementor-element-ac41b43 e-con-full e-flex e-con e-child\" data-id=\"ac41b43\" data-element_type=\"container\" data-settings=\"{&quot;background_background&quot;:&quot;classic&quot;}\">\n\t\t\t\t<div class=\"elementor-element elementor-element-4811546 elementor-widget elementor-widget-text-editor\" data-id=\"4811546\" data-element_type=\"widget\" data-widget_type=\"text-editor.default\">\n\t\t\t\t<div class=\"elementor-widget-container\">\n\t\t\t<style>\/*! elementor - v3.22.0 - 26-06-2024 *\/\n.elementor-widget-text-editor.elementor-drop-cap-view-stacked .elementor-drop-cap{background-color:#69727d;color:#fff}.elementor-widget-text-editor.elementor-drop-cap-view-framed .elementor-drop-cap{color:#69727d;border:3px solid;background-color:transparent}.elementor-widget-text-editor:not(.elementor-drop-cap-view-default) .elementor-drop-cap{margin-top:8px}.elementor-widget-text-editor:not(.elementor-drop-cap-view-default) .elementor-drop-cap-letter{width:1em;height:1em}.elementor-widget-text-editor .elementor-drop-cap{float:left;text-align:center;line-height:1;font-size:50px}.elementor-widget-text-editor .elementor-drop-cap-letter{display:inline-block}<\/style>\t\t\t\t<p><span style=\"text-decoration: underline;\"><strong>Public concern\u00e9<\/strong><\/span><br>Tout personnel d\u2019entreprise et collectivit\u00e9s, souhaitant \u00eatre initi\u00e9 \u00e0 la manipulation des extincteurs afin de pouvoir intervenir en toute s\u00e9curit\u00e9 sur un d\u00e9part de feu.<\/p>\n<p><span style=\"text-decoration: underline;\"><strong>Pr\u00e9-requis<\/strong><\/span><br>Aucun<\/p>\n<p><span style=\"text-decoration: underline;\"><strong>Dur\u00e9e<\/strong><\/span><br>3h30 soit 1\/2 journ\u00e9e comprenant 2h de th\u00e9orie et 1h30 de pratique<\/p>\n<p><span style=\"text-decoration: underline;\"><strong>Validation<\/strong><\/span><br>&#8211; Evaluation de la formation par mise en situation<br>&#8211; Attestation individuelle de fin de formation mentionnant les comp\u00e9tences acquises<br>&#8211; Actualisation annuelle pr\u00e9conis\u00e9e<\/p>\n<p><span style=\"text-decoration: underline;\"><strong>Modalit\u00e9s et co\u00fbt de la formation<\/strong><\/span><br>&#8211; Formation non modulable (ne dispense qu&rsquo;un bloc de comp\u00e9tences)<br>&#8211; Formation accessible aux personnes \u00e0 mobilit\u00e9 r\u00e9duite et\/ou autres sp\u00e9cificit\u00e9s.<\/p>\n<p><span style=\"text-decoration: underline;\"><strong>Nos formateurs<\/strong><\/span><br>&#8211; Exp\u00e9riment\u00e9s&nbsp;en pr\u00e9vention incendie<br>&#8211; En activit\u00e9 dans le milieu de la pr\u00e9vention et de la s\u00e9curit\u00e9.<\/p>\t\t\t\t\t\t<\/div>\n\t\t\t\t<\/div>\n\t\t\t\t<div class=\"elementor-element elementor-element-62bd9d2 elementor-align-center elementor-invisible elementor-widget elementor-widget-button\" data-id=\"62bd9d2\" data-element_type=\"widget\" data-settings=\"{&quot;_animation&quot;:&quot;fadeIn&quot;,&quot;_animation_delay&quot;:400}\" data-widget_type=\"button.default\">\n\t\t\t\t<div class=\"elementor-widget-container\">\n\t\t\t\t\t<div class=\"elementor-button-wrapper\">\n\t\t\t<a class=\"elementor-button elementor-button-link elementor-size-sm\" href=\"\/index.php\/contact\/\">\n\t\t\t\t\t\t<span class=\"elementor-button-content-wrapper\">\n\t\t\t\t\t\t\t\t\t<span class=\"elementor-button-text\">JE DEMANDE UN DEVIS<\/span>\n\t\t\t\t\t<\/span>\n\t\t\t\t\t<\/a>\n\t\t<\/div>\n\t\t\t\t<\/div>\n\t\t\t\t<\/div>\n\t\t\t\t<\/div>\n\t\t<div class=\"elementor-element elementor-element-329f7cf e-con-full e-flex e-con e-child\" data-id=\"329f7cf\" data-element_type=\"container\">\n\t\t\t\t<div class=\"elementor-element elementor-element-3cb1205 elementor-widget elementor-widget-text-editor\" data-id=\"3cb1205\" data-element_type=\"widget\" data-widget_type=\"text-editor.default\">\n\t\t\t\t<div class=\"elementor-widget-container\">\n\t\t\t\t\t\t\t<h4><strong>OBJECTIFS<\/strong><\/h4><ul><li>La formation a pour but d\u2019apporter aux salari\u00e9s, les comp\u00e9tences n\u00e9cessaires pour faire face au risque incendie et r\u00e9pondre aux obligations l\u00e9gales qui y sont li\u00e9es (Article R 4227-28).<\/li><li>A l\u2019issue de cette formation, le salari\u00e9 est en mesure de faire face \u00e0 un feu naissant en appliquant les consignes d\u2019extinction adapt\u00e9es.<\/li><li>Savoir utiliser un extincteur, intervenir efficacement face \u00e0 un d\u00e9part de feu afin de limiter le risque d\u2019incendie.<\/li><\/ul><h4><strong><br \/>CONTENU<\/strong><\/h4><ul><li>Reconna\u00eetre les diff\u00e9rents organes de s\u00e9curit\u00e9 dans sa structure, c&rsquo;est la partie th\u00e9orique\/visite applicative sur site (si possible) :<ul><li>Savoir identifier et comprendre les diff\u00e9rents affichages li\u00e9s \u00e0 la s\u00e9curit\u00e9 de la structure, ainsi que les diff\u00e9rentes issues de secours de la structure.<\/li><li>Savoir conna\u00eetre les diff\u00e9rents moyens de d\u00e9tection incendie et identifier le signal d&rsquo;alarme incendie.<\/li><\/ul><\/li><li>Comprendre les processus d\u2019apparition d\u2019un incendie :<ul><li>Comprendre le triangle du feu et les diff\u00e9rents modes de propagation.<\/li><li>Notions de pr\u00e9vention, le feu et les fum\u00e9es.<\/li><li>Connaissances des feux et classes de feux, les moyens de secours et d\u2019extinction mis en place dans l\u2019entreprise.<\/li><li>Les diff\u00e9rents types d\u2019extincteurs, leur principe de fonctionnement.<\/li><\/ul><\/li><li>L\u2019alerte et l\u2019alarme l\u2019\u00e9vacuation (notion de guide et serre fil), c&rsquo;est l&rsquo;exercice de manipulation d\u2019extincteurs en r\u00e9el, la partie pratique :<ul><li>Savoir choisir et utiliser en s\u00e9curit\u00e9 le bon extincteur face \u00e0 un feu r\u00e9el.<\/li><li>Mise en \u0153uvre (manipulation d\u2019extincteurs sur feux ext\u00e9rieurs).<\/li><li>Exercice d\u2019extinction sur feux r\u00e9els avec les diff\u00e9rents types d\u2019extincteurs.<\/li><li>Analyse des exercices pratiques\/ visite applicative sur site.<\/li><\/ul><\/li><\/ul><h4><strong><br \/>M\u00c9THODES &amp; SUPPORTS P\u00c9DAGOGIQUES<\/strong><\/h4><ul><li>Alternance d&rsquo;apports th\u00e9oriques et exercices pratiques qui sont r\u00e9alis\u00e9s \u00e0 l\u2019aide de g\u00e9n\u00e9rateurs de flammes feu sec, (homologu\u00e9s CE, propres, sans fum\u00e9e et sans danger).<\/li><li>Nos formateurs disposent de leur propre mat\u00e9riel et organes de s\u00e9curit\u00e9 p\u00e9dagogique(PC portable, vid\u00e9o projecteur, extincteurs, gants, gilets, rubalise, plots, organes de s\u00e9curit\u00e9 p\u00e9dagogiques, BAES, d\u00e9clencheur manuel, films, documents ressources\u2026).<\/li><\/ul>\t\t\t\t\t\t<\/div>\n\t\t\t\t<\/div>\n\t\t\t\t<\/div>\n\t\t\t\t\t<\/div>\n\t\t\t\t<\/div>\n\t\t\t\t<\/div>\n\t\t","protected":false},"excerpt":{"rendered":"<p>Formation Manipulationdes extincteurs Incendie La s\u00e9curit\u00e9 incendie est bien souvent sous-estim\u00e9e dans l\u2019environnement de l\u2019entreprise. Pourtant, ce risque peut causer des blessures, nombre de d\u00e9g\u00e2ts physiques et mat\u00e9riels mais aussi de tr\u00e8s lourdes pertes financi\u00e8res pour l\u2019entreprise. Heureusement, des gestes simples permettent de fortement limiter les risques d&rsquo;incendie. La formation manipulation des extincteurs d\u2019ALiiS vise [&hellip;]<\/p>\n","protected":false},"author":2,"featured_media":0,"parent":0,"menu_order":0,"comment_status":"closed","ping_status":"closed","template":"","meta":{"footnotes":""},"class_list":["post-652","page","type-page","status-publish","hentry"],"yoast_head":"<!-- This site is optimized with the Yoast SEO plugin v23.0 - https:\/\/yoast.com\/wordpress\/plugins\/seo\/ -->\n<title>Formation Incendie Manipulation des Extincteurs<\/title>\n<meta name=\"description\" content=\"ALiiS vous accompagne et forme vos salari\u00e9s aux gestes simples qui permettent de limiter les risques d&#039;incendie\" \/>\n<meta name=\"robots\" content=\"index, follow, max-snippet:-1, max-image-preview:large, max-video-preview:-1\" \/>\n<link rel=\"canonical\" href=\"https:\/\/aliis-formation.com\/index.php\/formation-incendie-manipulation-extincteurs\/\" \/>\n<meta property=\"og:locale\" content=\"fr_FR\" \/>\n<meta property=\"og:type\" content=\"article\" \/>\n<meta property=\"og:title\" content=\"Formation Incendie Manipulation des Extincteurs\" \/>\n<meta property=\"og:description\" content=\"ALiiS vous accompagne et forme vos salari\u00e9s aux gestes simples qui permettent de limiter les risques d&#039;incendie\" \/>\n<meta property=\"og:url\" content=\"https:\/\/aliis-formation.com\/index.php\/formation-incendie-manipulation-extincteurs\/\" \/>\n<meta property=\"og:site_name\" content=\"ALiiS formation\" \/>\n<meta property=\"article:modified_time\" content=\"2024-07-10T13:32:14+00:00\" \/>\n<meta property=\"og:image\" content=\"https:\/\/aliis-formation.com\/wp-content\/uploads\/2024\/03\/iStock-1458082798-1024x684.jpg\" \/>\n<meta name=\"twitter:card\" content=\"summary_large_image\" \/>\n<meta name=\"twitter:label1\" content=\"Dur\u00e9e de lecture estim\u00e9e\" \/>\n\t<meta name=\"twitter:data1\" content=\"3 minutes\" \/>\n<script type=\"application\/ld+json\" class=\"yoast-schema-graph\">{\"@context\":\"https:\/\/schema.org\",\"@graph\":[{\"@type\":\"WebPage\",\"@id\":\"https:\/\/aliis-formation.com\/index.php\/formation-incendie-manipulation-extincteurs\/\",\"url\":\"https:\/\/aliis-formation.com\/index.php\/formation-incendie-manipulation-extincteurs\/\",\"name\":\"Formation Incendie Manipulation des Extincteurs\",\"isPartOf\":{\"@id\":\"https:\/\/aliis-formation.com\/#website\"},\"primaryImageOfPage\":{\"@id\":\"https:\/\/aliis-formation.com\/index.php\/formation-incendie-manipulation-extincteurs\/#primaryimage\"},\"image\":{\"@id\":\"https:\/\/aliis-formation.com\/index.php\/formation-incendie-manipulation-extincteurs\/#primaryimage\"},\"thumbnailUrl\":\"https:\/\/aliis-formation.com\/wp-content\/uploads\/2024\/03\/iStock-1458082798-1024x684.jpg\",\"datePublished\":\"2024-02-18T16:23:16+00:00\",\"dateModified\":\"2024-07-10T13:32:14+00:00\",\"description\":\"ALiiS vous accompagne et forme vos salari\u00e9s aux gestes simples qui permettent de limiter les risques d'incendie\",\"breadcrumb\":{\"@id\":\"https:\/\/aliis-formation.com\/index.php\/formation-incendie-manipulation-extincteurs\/#breadcrumb\"},\"inLanguage\":\"fr-FR\",\"potentialAction\":[{\"@type\":\"ReadAction\",\"target\":[\"https:\/\/aliis-formation.com\/index.php\/formation-incendie-manipulation-extincteurs\/\"]}]},{\"@type\":\"ImageObject\",\"inLanguage\":\"fr-FR\",\"@id\":\"https:\/\/aliis-formation.com\/index.php\/formation-incendie-manipulation-extincteurs\/#primaryimage\",\"url\":\"https:\/\/aliis-formation.com\/wp-content\/uploads\/2024\/03\/iStock-1458082798-scaled.jpg\",\"contentUrl\":\"https:\/\/aliis-formation.com\/wp-content\/uploads\/2024\/03\/iStock-1458082798-scaled.jpg\",\"width\":2560,\"height\":1710,\"caption\":\"Hand of woman uses a CO2 fire extinguisher to extinguish a fire from an LPG tank. Fire drills in industrial factories.\"},{\"@type\":\"BreadcrumbList\",\"@id\":\"https:\/\/aliis-formation.com\/index.php\/formation-incendie-manipulation-extincteurs\/#breadcrumb\",\"itemListElement\":[{\"@type\":\"ListItem\",\"position\":1,\"name\":\"Accueil\",\"item\":\"https:\/\/aliis-formation.com\/\"},{\"@type\":\"ListItem\",\"position\":2,\"name\":\"Formation Incendie Manipulation des Extincteurs\"}]},{\"@type\":\"WebSite\",\"@id\":\"https:\/\/aliis-formation.com\/#website\",\"url\":\"https:\/\/aliis-formation.com\/\",\"name\":\"ALiiS formation\",\"description\":\"\",\"publisher\":{\"@id\":\"https:\/\/aliis-formation.com\/#organization\"},\"potentialAction\":[{\"@type\":\"SearchAction\",\"target\":{\"@type\":\"EntryPoint\",\"urlTemplate\":\"https:\/\/aliis-formation.com\/?s={search_term_string}\"},\"query-input\":\"required name=search_term_string\"}],\"inLanguage\":\"fr-FR\"},{\"@type\":\"Organization\",\"@id\":\"https:\/\/aliis-formation.com\/#organization\",\"name\":\"ALiiS formation\",\"url\":\"https:\/\/aliis-formation.com\/\",\"logo\":{\"@type\":\"ImageObject\",\"inLanguage\":\"fr-FR\",\"@id\":\"https:\/\/aliis-formation.com\/#\/schema\/logo\/image\/\",\"url\":\"https:\/\/aliis-formation.com\/wp-content\/uploads\/2023\/12\/LOGO-PORTRAIT-COULEUR-FOND-TRANSPARENT.svg\",\"contentUrl\":\"https:\/\/aliis-formation.com\/wp-content\/uploads\/2023\/12\/LOGO-PORTRAIT-COULEUR-FOND-TRANSPARENT.svg\",\"width\":4251,\"height\":1241,\"caption\":\"ALiiS formation\"},\"image\":{\"@id\":\"https:\/\/aliis-formation.com\/#\/schema\/logo\/image\/\"}}]}<\/script>\n<!-- \/ Yoast SEO plugin. -->","yoast_head_json":{"title":"Formation Incendie Manipulation des Extincteurs","description":"ALiiS vous accompagne et forme vos salari\u00e9s aux gestes simples qui permettent de limiter les risques d'incendie","robots":{"index":"index","follow":"follow","max-snippet":"max-snippet:-1","max-image-preview":"max-image-preview:large","max-video-preview":"max-video-preview:-1"},"canonical":"https:\/\/aliis-formation.com\/index.php\/formation-incendie-manipulation-extincteurs\/","og_locale":"fr_FR","og_type":"article","og_title":"Formation Incendie Manipulation des Extincteurs","og_description":"ALiiS vous accompagne et forme vos salari\u00e9s aux gestes simples qui permettent de limiter les risques d'incendie","og_url":"https:\/\/aliis-formation.com\/index.php\/formation-incendie-manipulation-extincteurs\/","og_site_name":"ALiiS formation","article_modified_time":"2024-07-10T13:32:14+00:00","og_image":[{"url":"https:\/\/aliis-formation.com\/wp-content\/uploads\/2024\/03\/iStock-1458082798-1024x684.jpg"}],"twitter_card":"summary_large_image","twitter_misc":{"Dur\u00e9e de lecture estim\u00e9e":"3 minutes"},"schema":{"@context":"https:\/\/schema.org","@graph":[{"@type":"WebPage","@id":"https:\/\/aliis-formation.com\/index.php\/formation-incendie-manipulation-extincteurs\/","url":"https:\/\/aliis-formation.com\/index.php\/formation-incendie-manipulation-extincteurs\/","name":"Formation Incendie Manipulation des Extincteurs","isPartOf":{"@id":"https:\/\/aliis-formation.com\/#website"},"primaryImageOfPage":{"@id":"https:\/\/aliis-formation.com\/index.php\/formation-incendie-manipulation-extincteurs\/#primaryimage"},"image":{"@id":"https:\/\/aliis-formation.com\/index.php\/formation-incendie-manipulation-extincteurs\/#primaryimage"},"thumbnailUrl":"https:\/\/aliis-formation.com\/wp-content\/uploads\/2024\/03\/iStock-1458082798-1024x684.jpg","datePublished":"2024-02-18T16:23:16+00:00","dateModified":"2024-07-10T13:32:14+00:00","description":"ALiiS vous accompagne et forme vos salari\u00e9s aux gestes simples qui permettent de limiter les risques d'incendie","breadcrumb":{"@id":"https:\/\/aliis-formation.com\/index.php\/formation-incendie-manipulation-extincteurs\/#breadcrumb"},"inLanguage":"fr-FR","potentialAction":[{"@type":"ReadAction","target":["https:\/\/aliis-formation.com\/index.php\/formation-incendie-manipulation-extincteurs\/"]}]},{"@type":"ImageObject","inLanguage":"fr-FR","@id":"https:\/\/aliis-formation.com\/index.php\/formation-incendie-manipulation-extincteurs\/#primaryimage","url":"https:\/\/aliis-formation.com\/wp-content\/uploads\/2024\/03\/iStock-1458082798-scaled.jpg","contentUrl":"https:\/\/aliis-formation.com\/wp-content\/uploads\/2024\/03\/iStock-1458082798-scaled.jpg","width":2560,"height":1710,"caption":"Hand of woman uses a CO2 fire extinguisher to extinguish a fire from an LPG tank. Fire drills in industrial factories."},{"@type":"BreadcrumbList","@id":"https:\/\/aliis-formation.com\/index.php\/formation-incendie-manipulation-extincteurs\/#breadcrumb","itemListElement":[{"@type":"ListItem","position":1,"name":"Accueil","item":"https:\/\/aliis-formation.com\/"},{"@type":"ListItem","position":2,"name":"Formation Incendie Manipulation des Extincteurs"}]},{"@type":"WebSite","@id":"https:\/\/aliis-formation.com\/#website","url":"https:\/\/aliis-formation.com\/","name":"ALiiS formation","description":"","publisher":{"@id":"https:\/\/aliis-formation.com\/#organization"},"potentialAction":[{"@type":"SearchAction","target":{"@type":"EntryPoint","urlTemplate":"https:\/\/aliis-formation.com\/?s={search_term_string}"},"query-input":"required name=search_term_string"}],"inLanguage":"fr-FR"},{"@type":"Organization","@id":"https:\/\/aliis-formation.com\/#organization","name":"ALiiS formation","url":"https:\/\/aliis-formation.com\/","logo":{"@type":"ImageObject","inLanguage":"fr-FR","@id":"https:\/\/aliis-formation.com\/#\/schema\/logo\/image\/","url":"https:\/\/aliis-formation.com\/wp-content\/uploads\/2023\/12\/LOGO-PORTRAIT-COULEUR-FOND-TRANSPARENT.svg","contentUrl":"https:\/\/aliis-formation.com\/wp-content\/uploads\/2023\/12\/LOGO-PORTRAIT-COULEUR-FOND-TRANSPARENT.svg","width":4251,"height":1241,"caption":"ALiiS formation"},"image":{"@id":"https:\/\/aliis-formation.com\/#\/schema\/logo\/image\/"}}]}},"_links":{"self":[{"href":"https:\/\/aliis-formation.com\/index.php\/wp-json\/wp\/v2\/pages\/652","targetHints":{"allow":["GET"]}}],"collection":[{"href":"https:\/\/aliis-formation.com\/index.php\/wp-json\/wp\/v2\/pages"}],"about":[{"href":"https:\/\/aliis-formation.com\/index.php\/wp-json\/wp\/v2\/types\/page"}],"author":[{"embeddable":true,"href":"https:\/\/aliis-formation.com\/index.php\/wp-json\/wp\/v2\/users\/2"}],"replies":[{"embeddable":true,"href":"https:\/\/aliis-formation.com\/index.php\/wp-json\/wp\/v2\/comments?post=652"}],"version-history":[{"count":68,"href":"https:\/\/aliis-formation.com\/index.php\/wp-json\/wp\/v2\/pages\/652\/revisions"}],"predecessor-version":[{"id":1679,"href":"https:\/\/aliis-formation.com\/index.php\/wp-json\/wp\/v2\/pages\/652\/revisions\/1679"}],"wp:attachment":[{"href":"https:\/\/aliis-formation.com\/index.php\/wp-json\/wp\/v2\/media?parent=652"}],"curies":[{"name":"wp","href":"https:\/\/api.w.org\/{rel}","templated":true}]}}